{"id":10464,"date":"2022-02-08T14:12:14","date_gmt":"2022-02-08T13:12:14","guid":{"rendered":"https:\/\/www.jonas-redmann.com\/?page_id=10464"},"modified":"2022-02-08T14:16:26","modified_gmt":"2022-02-08T13:16:26","slug":"markieren-bearbeiten","status":"publish","type":"page","link":"https:\/\/www.jonas-redmann.com\/en\/unternehmen-2\/markieren-bearbeiten\/","title":{"rendered":"Marking &#038; Processing"},"content":{"rendered":"<div class=\"wpb-content-wrapper\"><p>[vc_row][vc_column][vc_column_text css=&#8221;.vc_custom_1644326039269{margin-bottom: 20px !important;}&#8221;]<\/p>\n<h1><span style=\"color: #ff0000;\">Marking &amp;<\/span><strong><span style=\"color: #ff0000;\"> Processing<\/span><\/strong><\/h1>\n<p>[\/vc_column_text][vc_empty_space height=&#8221;14px&#8221; css=&#8221;.vc_custom_1644326030136{background-image: url(https:\/\/www.jonas-redmann.com\/wp-content\/uploads\/2017\/04\/stripes_rot_dick.gif?id=7103) !important;}&#8221;][vc_column_text css=&#8221;.vc_custom_1644326047302{margin-top: 20px !important;}&#8221;]In the production of high-tech products, sensitive or pliable materials pose high demands on processing and marking processes.[\/vc_column_text][vc_single_image image=&#8221;10473&#8243; img_size=&#8221;full&#8221; css=&#8221;.vc_custom_1644326145191{margin-top: 20px !important;margin-bottom: 20px !important;}&#8221; el_class=&#8221;img-full&#8221;][vc_empty_space height=&#8221;20px&#8221;][vc_column_text css=&#8221;.vc_custom_1644326066440{margin-bottom: 20px !important;}&#8221;]<\/p>\n<h3><span class=\"headline-h2\" style=\"color: #ff0000;\">Processing of High-tech Materials<\/span><\/h3>\n<p>[\/vc_column_text][vc_empty_space height=&#8221;14px&#8221; css=&#8221;.vc_custom_1644326030136{background-image: url(https:\/\/www.jonas-redmann.com\/wp-content\/uploads\/2017\/04\/stripes_rot_dick.gif?id=7103) !important;}&#8221;][vc_column_text css=&#8221;.vc_custom_1644326077029{margin-top: 20px !important;}&#8221;]Von hartspr\u00f6dem Silizium, \u00fcber biegeschlaffe ultrad\u00fcnne Folien bis hin zu Feinsthohlfasern &#8211; wir bieten Engineering-Expertise f\u00fcr die Bearbeitung zahlreicher Hightech-Materialien. Mit hoher Pr\u00e4zision und Qualit\u00e4t bearbeiten unsere Automatisierungsl\u00f6sungen auch Ihr komplexes Produkt, entsprechend der Spezifikation.[\/vc_column_text][vc_empty_space height=&#8221;20px&#8221;][vc_column_text css=&#8221;.vc_custom_1644326092961{margin-bottom: 20px !important;}&#8221;]<\/p>\n<h3><span class=\"headline-h2\" style=\"color: #ff0000;\">Marking and Processing Portfolio<br \/>\n<\/span><\/h3>\n<p>[\/vc_column_text][vc_empty_space height=&#8221;14px&#8221; css=&#8221;.vc_custom_1644326030136{background-image: url(https:\/\/www.jonas-redmann.com\/wp-content\/uploads\/2017\/04\/stripes_rot_dick.gif?id=7103) !important;}&#8221;][vc_column_text css=&#8221;.vc_custom_1644326102687{margin-top: 20px !important;}&#8221;]<span class=\"list-red-dot\">Abf\u00fcllen \/ Dosieren von Feststoffen und Fluiden<\/span><\/p>\n<p><span class=\"list-red-dot\">Pr\u00e4zisionsdispensen von Pasten und Klebstoffen<\/span><\/p>\n<p><span class=\"list-red-dot\">Beschichten von Oberfl\u00e4chen mit past\u00f6sen Medien<\/span><\/p>\n<p><span class=\"list-red-dot\">Formgebung von Folienzuschnitten durch Stanzen<\/span><\/p>\n<p><span class=\"list-red-dot\">Z-Falten von Separatorband in der Akkumulatorproduktion<br \/>\n<\/span><\/p>\n<p><span class=\"list-red-dot\">Umformen von Schlauch<\/span><\/p>\n<p><span class=\"list-red-dot\">Umformen | Tiefziehen von Verbundfolien<\/span><\/p>\n<p><span class=\"list-red-dot\">Abl\u00e4ngen, B\u00fcndeln und Zuschneiden von Hohlfasern<\/span><\/p>\n<p><span class=\"list-red-dot\">Lasermarkieren<\/span><\/p>\n<p><span class=\"list-red-dot\">Tampon- und Inkjetdruck\u00a0<\/span><\/p>\n<p><span class=\"list-red-dot\">Etikettieren<\/span>[\/vc_column_text][\/vc_column][\/vc_row]<\/p>\n<\/div>","protected":false},"excerpt":{"rendered":"<p>[vc_row][vc_column][vc_column_text css=&#8221;.vc_custom_1644326039269{margin-bottom: 20px !important;}&#8221;] Marking &amp; Processing [\/vc_column_text][vc_empty_space height=&#8221;14px&#8221; css=&#8221;.vc_custom_1644326030136{background-image: url(https:\/\/www.jonas-redmann.com\/wp-content\/uploads\/2017\/04\/stripes_rot_dick.gif?id=7103) !important;}&#8221;][vc_column_text css=&#8221;.vc_custom_1644326047302{margin-top: 20px !important;}&#8221;]In the production of high-tech products, sensitive or pliable materials pose high demands on processing and marking processes.[\/vc_column_text][vc_single_image image=&#8221;10473&#8243; img_size=&#8221;full&#8221; css=&#8221;.vc_custom_1644326145191{margin-top: 20px !important;margin-bottom: 20px !important;}&#8221; el_class=&#8221;img-full&#8221;][vc_empty_space height=&#8221;20px&#8221;][vc_column_text css=&#8221;.vc_custom_1644326066440{margin-bottom: 20px !important;}&#8221;] Processing of High-tech Materials [\/vc_column_text][vc_empty_space height=&#8221;14px&#8221; css=&#8221;.vc_custom_1644326030136{background-image: url(https:\/\/www.jonas-redmann.com\/wp-content\/uploads\/2017\/04\/stripes_rot_dick.gif?id=7103) !important;}&#8221;][vc_column_text css=&#8221;.vc_custom_1644326077029{margin-top: 20px [&hellip;]<\/p>\n","protected":false},"author":2,"featured_media":9867,"parent":10403,"menu_order":3,"comment_status":"closed","ping_status":"closed","template":"","meta":{"_acf_changed":false,"footnotes":""},"class_list":["post-10464","page","type-page","status-publish","hentry"],"acf":[],"_links":{"self":[{"href":"https:\/\/www.jonas-redmann.com\/en\/wp-json\/wp\/v2\/pages\/10464","targetHints":{"allow":["GET"]}}],"collection":[{"href":"https:\/\/www.jonas-redmann.com\/en\/wp-json\/wp\/v2\/pages"}],"about":[{"href":"https:\/\/www.jonas-redmann.com\/en\/wp-json\/wp\/v2\/types\/page"}],"author":[{"embeddable":true,"href":"https:\/\/www.jonas-redmann.com\/en\/wp-json\/wp\/v2\/users\/2"}],"replies":[{"embeddable":true,"href":"https:\/\/www.jonas-redmann.com\/en\/wp-json\/wp\/v2\/comments?post=10464"}],"version-history":[{"count":8,"href":"https:\/\/www.jonas-redmann.com\/en\/wp-json\/wp\/v2\/pages\/10464\/revisions"}],"predecessor-version":[{"id":10537,"href":"https:\/\/www.jonas-redmann.com\/en\/wp-json\/wp\/v2\/pages\/10464\/revisions\/10537"}],"up":[{"embeddable":true,"href":"https:\/\/www.jonas-redmann.com\/en\/wp-json\/wp\/v2\/pages\/10403"}],"wp:featuredmedia":[{"embeddable":true,"href":"https:\/\/www.jonas-redmann.com\/en\/wp-json\/wp\/v2\/media\/9867"}],"wp:attachment":[{"href":"https:\/\/www.jonas-redmann.com\/en\/wp-json\/wp\/v2\/media?parent=10464"}],"curies":[{"name":"wp","href":"https:\/\/api.w.org\/{rel}","templated":true}]}}